{"id":837,"date":"2026-02-17T22:33:08","date_gmt":"2026-02-17T22:33:08","guid":{"rendered":"https:\/\/playavivataberna.com\/?page_id=837"},"modified":"2026-02-18T11:07:01","modified_gmt":"2026-02-18T11:07:01","slug":"review","status":"publish","type":"page","link":"https:\/\/playavivataberna.com\/en\/review\/","title":{"rendered":"Review"},"content":{"rendered":"<div data-elementor-type=\"wp-page\" data-elementor-id=\"837\" class=\"elementor elementor-837\" data-elementor-post-type=\"page\">\n\t\t\t\t<div class=\"elementor-element elementor-element-fe9eaa1 e-flex e-con-boxed e-con e-parent\" data-id=\"fe9eaa1\" data-element_type=\"container\">\n\t\t\t\t\t<div class=\"e-con-inner\">\n\t\t\t\t<div class=\"elementor-element elementor-element-e25f426 elementor-headline--style-highlight elementor-widget elementor-widget-animated-headline\" data-id=\"e25f426\" data-element_type=\"widget\" data-settings=\"{&quot;highlighted_text&quot;:&quot;Incre\\u00edble&quot;,&quot;headline_style&quot;:&quot;highlight&quot;,&quot;marker&quot;:&quot;circle&quot;,&quot;loop&quot;:&quot;yes&quot;,&quot;highlight_animation_duration&quot;:1200,&quot;highlight_iteration_delay&quot;:8000}\" data-widget_type=\"animated-headline.default\">\n\t\t\t\t<div class=\"elementor-widget-container\">\n\t\t\t\t\t\t\t<h3 class=\"elementor-headline\">\n\t\t\t\t\t<span class=\"elementor-headline-plain-text elementor-headline-text-wrapper\">Te llevamos a Google para dejar tu rese\u00f1a<\/span>\n\t\t\t\t<span class=\"elementor-headline-dynamic-wrapper elementor-headline-text-wrapper\">\n\t\t\t\t\t<span class=\"elementor-headline-dynamic-text elementor-headline-text-active\">Incre\u00edble<\/span>\n\t\t\t\t<\/span>\n\t\t\t\t<\/h3>\n\t\t\t\t\t\t<\/div>\n\t\t\t\t<\/div>\n\t\t\t\t<div class=\"elementor-element elementor-element-07e157a elementor-widget-divider--view-line elementor-widget elementor-widget-divider\" data-id=\"07e157a\" data-element_type=\"widget\" data-widget_type=\"divider.default\">\n\t\t\t\t<div class=\"elementor-widget-container\">\n\t\t\t\t\t\t\t<div class=\"elementor-divider\">\n\t\t\t<span class=\"elementor-divider-separator\">\n\t\t\t\t\t\t<\/span>\n\t\t<\/div>\n\t\t\t\t\t\t<\/div>\n\t\t\t\t<\/div>\n\t\t\t\t<div class=\"elementor-element elementor-element-22652db elementor-align-center elementor-widget elementor-widget-button\" data-id=\"22652db\" data-element_type=\"widget\" id=\"go-review\" data-widget_type=\"button.default\">\n\t\t\t\t<div class=\"elementor-widget-container\">\n\t\t\t\t\t\t\t\t\t<div class=\"elementor-button-wrapper\">\n\t\t\t\t\t<a class=\"elementor-button elementor-button-link elementor-size-sm\" href=\"#\">\n\t\t\t\t\t\t<span class=\"elementor-button-content-wrapper\">\n\t\t\t\t\t\t\t\t\t<span class=\"elementor-button-text\">Haz clic aqu\u00ed<\/span>\n\t\t\t\t\t<\/span>\n\t\t\t\t\t<\/a>\n\t\t\t\t<\/div>\n\t\t\t\t\t\t\t\t<\/div>\n\t\t\t\t<\/div>\n\t\t\t\t<div class=\"elementor-element elementor-element-f32adb7 elementor-widget elementor-widget-html\" data-id=\"f32adb7\" data-element_type=\"widget\" data-widget_type=\"html.default\">\n\t\t\t\t<div class=\"elementor-widget-container\">\n\t\t\t\t\t\r\n<script>\r\n(function () {\r\n  const params = new URLSearchParams(window.location.search);\r\n\r\n  \/\/ Camarero: permite ?w=camarero1 o ?staff_id=camarero1\r\n  const staff = params.get(\"w\") || params.get(\"staff_id\") || \"unknown\";\r\n\r\n  \/\/ Debug: activa debugview con ?debug=1\r\n  const debugMode = params.get(\"debug\") === \"1\";\r\n\r\n  \/\/ Para pruebas: evita redirigir con ?noredirect=1\r\n  const noRedirect = params.get(\"noredirect\") === \"1\";\r\n\r\n  \/\/ Destino final (Google rese\u00f1as)\r\n  const REVIEW_URL = \"https:\/\/g.page\/r\/CaHDLGk4GrIFEAE\/review\";\r\n\r\n  \/\/ Bot\u00f3n (si existe)\r\n  const btn = document.getElementById(\"go-review\");\r\n  if (btn) btn.href = REVIEW_URL;\r\n\r\n  let redirected = false;\r\n  function go() {\r\n    if (redirected || noRedirect) return;\r\n    redirected = true;\r\n    window.location.href = REVIEW_URL;\r\n  }\r\n\r\n  if (typeof window.gtag === \"function\") {\r\n    window.gtag(\"event\", \"qr_scan\", {\r\n      staff_id: staff,\r\n      purpose: \"google_review\",\r\n      transport_type: \"beacon\",\r\n      debug_mode: debugMode,      \/\/ <-- esto es lo que hace que aparezca en DebugView\r\n      event_callback: go,\r\n      event_timeout: 2000\r\n    });\r\n\r\n    if (!noRedirect) setTimeout(go, 2200);\r\n  } else {\r\n    \/\/ Si GA no est\u00e1 cargado (consentimiento\/bloqueador), al menos no rompemos el flujo\r\n    if (!noRedirect) setTimeout(go, 400);\r\n  }\r\n})();\r\n<\/script>\r\n\t\t\t\t<\/div>\n\t\t\t\t<\/div>\n\t\t\t\t\t<\/div>\n\t\t\t\t<\/div>\n\t\t\t\t<\/div>","protected":false},"excerpt":{"rendered":"<p>Te llevamos a Google para dejar tu rese\u00f1a Incre\u00edble Haz clic aqu\u00ed<\/p>","protected":false},"author":1,"featured_media":0,"parent":0,"menu_order":0,"comment_status":"closed","ping_status":"closed","template":"elementor_canvas","meta":{"footnotes":""},"class_list":["post-837","page","type-page","status-publish","hentry"],"yoast_head":"<!-- This site is optimized with the Yoast SEO plugin v27.2 - https:\/\/yoast.com\/product\/yoast-seo-wordpress\/ -->\n<title>Review - Playa Viva NeoTaberna<\/title>\n<meta name=\"robots\" content=\"index, follow, max-snippet:-1, max-image-preview:large, max-video-preview:-1\" \/>\n<link rel=\"canonical\" href=\"https:\/\/playavivataberna.com\/en\/review\/\" \/>\n<meta property=\"og:locale\" content=\"en_GB\" \/>\n<meta property=\"og:type\" content=\"article\" \/>\n<meta property=\"og:title\" content=\"Review - Playa Viva NeoTaberna\" \/>\n<meta property=\"og:description\" content=\"Te llevamos a Google para dejar tu rese\u00f1a Incre\u00edble Haz clic aqu\u00ed\" \/>\n<meta property=\"og:url\" content=\"https:\/\/playavivataberna.com\/en\/review\/\" \/>\n<meta property=\"og:site_name\" content=\"Playa Viva NeoTaberna\" \/>\n<meta property=\"article:publisher\" content=\"https:\/\/web.facebook.com\/profile.php?id=61562586563241&amp;_rdc=1&amp;_rdr\" \/>\n<meta property=\"article:modified_time\" content=\"2026-02-18T11:07:01+00:00\" \/>\n<meta name=\"twitter:card\" content=\"summary_large_image\" \/>\n<meta name=\"twitter:label1\" content=\"Estimated reading time\" \/>\n\t<meta name=\"twitter:data1\" content=\"1 minute\" \/>\n<script type=\"application\/ld+json\" class=\"yoast-schema-graph\">{\"@context\":\"https:\/\/schema.org\",\"@graph\":[{\"@type\":\"WebPage\",\"@id\":\"https:\/\/playavivataberna.com\/review\/\",\"url\":\"https:\/\/playavivataberna.com\/review\/\",\"name\":\"Review - Playa Viva NeoTaberna\",\"isPartOf\":{\"@id\":\"https:\/\/playavivataberna.com\/#website\"},\"datePublished\":\"2026-02-17T22:33:08+00:00\",\"dateModified\":\"2026-02-18T11:07:01+00:00\",\"breadcrumb\":{\"@id\":\"https:\/\/playavivataberna.com\/review\/#breadcrumb\"},\"inLanguage\":\"en-GB\",\"potentialAction\":[{\"@type\":\"ReadAction\",\"target\":[\"https:\/\/playavivataberna.com\/review\/\"]}]},{\"@type\":\"BreadcrumbList\",\"@id\":\"https:\/\/playavivataberna.com\/review\/#breadcrumb\",\"itemListElement\":[{\"@type\":\"ListItem\",\"position\":1,\"name\":\"Portada\",\"item\":\"https:\/\/playavivataberna.com\/\"},{\"@type\":\"ListItem\",\"position\":2,\"name\":\"Review\"}]},{\"@type\":\"WebSite\",\"@id\":\"https:\/\/playavivataberna.com\/#website\",\"url\":\"https:\/\/playavivataberna.com\/\",\"name\":\"Playa Viva NeoTaberna\",\"description\":\"Saborea tapas \u00fanicas frente al mar en Tarragona. Reserva ya en Playa Viva.\",\"publisher\":{\"@id\":\"https:\/\/playavivataberna.com\/#organization\"},\"potentialAction\":[{\"@type\":\"SearchAction\",\"target\":{\"@type\":\"EntryPoint\",\"urlTemplate\":\"https:\/\/playavivataberna.com\/?s={search_term_string}\"},\"query-input\":{\"@type\":\"PropertyValueSpecification\",\"valueRequired\":true,\"valueName\":\"search_term_string\"}}],\"inLanguage\":\"en-GB\"},{\"@type\":\"Organization\",\"@id\":\"https:\/\/playavivataberna.com\/#organization\",\"name\":\"Playa Viva NeoTaberna\",\"url\":\"https:\/\/playavivataberna.com\/\",\"logo\":{\"@type\":\"ImageObject\",\"inLanguage\":\"en-GB\",\"@id\":\"https:\/\/playavivataberna.com\/#\/schema\/logo\/image\/\",\"url\":\"https:\/\/playavivataberna.com\/wp-content\/uploads\/2024\/07\/logo-playaviva-neotaberna.png\",\"contentUrl\":\"https:\/\/playavivataberna.com\/wp-content\/uploads\/2024\/07\/logo-playaviva-neotaberna.png\",\"width\":500,\"height\":500,\"caption\":\"Playa Viva NeoTaberna\"},\"image\":{\"@id\":\"https:\/\/playavivataberna.com\/#\/schema\/logo\/image\/\"},\"sameAs\":[\"https:\/\/web.facebook.com\/profile.php?id=61562586563241&_rdc=1&_rdr\",\"https:\/\/www.instagram.com\/playavivaneotaberna\/\"]}]}<\/script>\n<!-- \/ Yoast SEO plugin. -->","yoast_head_json":{"title":"Review - Playa Viva NeoTaberna","robots":{"index":"index","follow":"follow","max-snippet":"max-snippet:-1","max-image-preview":"max-image-preview:large","max-video-preview":"max-video-preview:-1"},"canonical":"https:\/\/playavivataberna.com\/en\/review\/","og_locale":"en_GB","og_type":"article","og_title":"Review - Playa Viva NeoTaberna","og_description":"Te llevamos a Google para dejar tu rese\u00f1a Incre\u00edble Haz clic aqu\u00ed","og_url":"https:\/\/playavivataberna.com\/en\/review\/","og_site_name":"Playa Viva NeoTaberna","article_publisher":"https:\/\/web.facebook.com\/profile.php?id=61562586563241&_rdc=1&_rdr","article_modified_time":"2026-02-18T11:07:01+00:00","twitter_card":"summary_large_image","twitter_misc":{"Estimated reading time":"1 minute"},"schema":{"@context":"https:\/\/schema.org","@graph":[{"@type":"WebPage","@id":"https:\/\/playavivataberna.com\/review\/","url":"https:\/\/playavivataberna.com\/review\/","name":"Review - Playa Viva NeoTaberna","isPartOf":{"@id":"https:\/\/playavivataberna.com\/#website"},"datePublished":"2026-02-17T22:33:08+00:00","dateModified":"2026-02-18T11:07:01+00:00","breadcrumb":{"@id":"https:\/\/playavivataberna.com\/review\/#breadcrumb"},"inLanguage":"en-GB","potentialAction":[{"@type":"ReadAction","target":["https:\/\/playavivataberna.com\/review\/"]}]},{"@type":"BreadcrumbList","@id":"https:\/\/playavivataberna.com\/review\/#breadcrumb","itemListElement":[{"@type":"ListItem","position":1,"name":"Portada","item":"https:\/\/playavivataberna.com\/"},{"@type":"ListItem","position":2,"name":"Review"}]},{"@type":"WebSite","@id":"https:\/\/playavivataberna.com\/#website","url":"https:\/\/playavivataberna.com\/","name":"Playa Viva NeoTaberna","description":"Savor unique tapas facing the sea in Tarragona. Book now at Playa Viva.","publisher":{"@id":"https:\/\/playavivataberna.com\/#organization"},"potentialAction":[{"@type":"SearchAction","target":{"@type":"EntryPoint","urlTemplate":"https:\/\/playavivataberna.com\/?s={search_term_string}"},"query-input":{"@type":"PropertyValueSpecification","valueRequired":true,"valueName":"search_term_string"}}],"inLanguage":"en-GB"},{"@type":"Organization","@id":"https:\/\/playavivataberna.com\/#organization","name":"Playa Viva NeoTaberna","url":"https:\/\/playavivataberna.com\/","logo":{"@type":"ImageObject","inLanguage":"en-GB","@id":"https:\/\/playavivataberna.com\/#\/schema\/logo\/image\/","url":"https:\/\/playavivataberna.com\/wp-content\/uploads\/2024\/07\/logo-playaviva-neotaberna.png","contentUrl":"https:\/\/playavivataberna.com\/wp-content\/uploads\/2024\/07\/logo-playaviva-neotaberna.png","width":500,"height":500,"caption":"Playa Viva NeoTaberna"},"image":{"@id":"https:\/\/playavivataberna.com\/#\/schema\/logo\/image\/"},"sameAs":["https:\/\/web.facebook.com\/profile.php?id=61562586563241&_rdc=1&_rdr","https:\/\/www.instagram.com\/playavivaneotaberna\/"]}]}},"_links":{"self":[{"href":"https:\/\/playavivataberna.com\/en\/wp-json\/wp\/v2\/pages\/837","targetHints":{"allow":["GET"]}}],"collection":[{"href":"https:\/\/playavivataberna.com\/en\/wp-json\/wp\/v2\/pages"}],"about":[{"href":"https:\/\/playavivataberna.com\/en\/wp-json\/wp\/v2\/types\/page"}],"author":[{"embeddable":true,"href":"https:\/\/playavivataberna.com\/en\/wp-json\/wp\/v2\/users\/1"}],"replies":[{"embeddable":true,"href":"https:\/\/playavivataberna.com\/en\/wp-json\/wp\/v2\/comments?post=837"}],"version-history":[{"count":28,"href":"https:\/\/playavivataberna.com\/en\/wp-json\/wp\/v2\/pages\/837\/revisions"}],"predecessor-version":[{"id":870,"href":"https:\/\/playavivataberna.com\/en\/wp-json\/wp\/v2\/pages\/837\/revisions\/870"}],"wp:attachment":[{"href":"https:\/\/playavivataberna.com\/en\/wp-json\/wp\/v2\/media?parent=837"}],"curies":[{"name":"wp","href":"https:\/\/api.w.org\/{rel}","templated":true}]}}