{"id":32,"date":"2024-07-25T02:42:34","date_gmt":"2024-07-25T02:42:34","guid":{"rendered":"https:\/\/playavivataberna.com\/?page_id=32"},"modified":"2024-07-26T16:50:16","modified_gmt":"2024-07-26T16:50:16","slug":"aviso-legal","status":"publish","type":"page","link":"https:\/\/playavivataberna.com\/ca\/aviso-legal\/","title":{"rendered":"Av\u00eds legal"},"content":{"rendered":"<div data-elementor-type=\"wp-page\" data-elementor-id=\"32\" class=\"elementor elementor-32\" data-elementor-post-type=\"page\">\n\t\t\t\t<div class=\"elementor-element elementor-element-48141dd e-flex e-con-boxed e-con e-parent\" data-id=\"48141dd\" data-element_type=\"container\" data-settings=\"{&quot;background_background&quot;:&quot;classic&quot;,&quot;shape_divider_bottom&quot;:&quot;wave-brush&quot;}\">\n\t\t\t\t\t<div class=\"e-con-inner\">\n\t\t\t\t<div class=\"elementor-shape elementor-shape-bottom\" aria-hidden=\"true\" data-negative=\"false\">\n\t\t\t<svg xmlns=\"http:\/\/www.w3.org\/2000\/svg\" viewbox=\"0 0 283.5 27.8\" preserveaspectratio=\"none\">\n\t<path class=\"elementor-shape-fill\" d=\"M283.5,9.7c0,0-7.3,4.3-14,4.6c-6.8,0.3-12.6,0-20.9-1.5c-11.3-2-33.1-10.1-44.7-5.7\ts-12.1,4.6-18,7.4c-6.6,3.2-20,9.6-36.6,9.3C131.6,23.5,99.5,7.2,86.3,8c-1.4,0.1-6.6,0.8-10.5,2c-3.8,1.2-9.4,3.8-17,4.7\tc-3.2,0.4-8.3,1.1-14.2,0.9c-1.5-0.1-6.3-0.4-12-1.6c-5.7-1.2-11-3.1-15.8-3.7C6.5,9.2,0,10.8,0,10.8V0h283.5V9.7z M260.8,11.3\tc-0.7-1-2-0.4-4.3-0.4c-2.3,0-6.1-1.2-5.8-1.1c0.3,0.1,3.1,1.5,6,1.9C259.7,12.2,261.4,12.3,260.8,11.3z M242.4,8.6\tc0,0-2.4-0.2-5.6-0.9c-3.2-0.8-10.3-2.8-15.1-3.5c-8.2-1.1-15.8,0-15.1,0.1c0.8,0.1,9.6-0.6,17.6,1.1c3.3,0.7,9.3,2.2,12.4,2.7\tC239.9,8.7,242.4,8.6,242.4,8.6z M185.2,8.5c1.7-0.7-13.3,4.7-18.5,6.1c-2.1,0.6-6.2,1.6-10,2c-3.9,0.4-8.9,0.4-8.8,0.5\tc0,0.2,5.8,0.8,11.2,0c5.4-0.8,5.2-1.1,7.6-1.6C170.5,14.7,183.5,9.2,185.2,8.5z M199.1,6.9c0.2,0-0.8-0.4-4.8,1.1\tc-4,1.5-6.7,3.5-6.9,3.7c-0.2,0.1,3.5-1.8,6.6-3C197,7.5,199,6.9,199.1,6.9z M283,6c-0.1,0.1-1.9,1.1-4.8,2.5s-6.9,2.8-6.7,2.7\tc0.2,0,3.5-0.6,7.4-2.5C282.8,6.8,283.1,5.9,283,6z M31.3,11.6c0.1-0.2-1.9-0.2-4.5-1.2s-5.4-1.6-7.8-2C15,7.6,7.3,8.5,7.7,8.6\tC8,8.7,15.9,8.3,20.2,9.3c2.2,0.5,2.4,0.5,5.7,1.6S31.2,11.9,31.3,11.6z M73,9.2c0.4-0.1,3.5-1.6,8.4-2.6c4.9-1.1,8.9-0.5,8.9-0.8\tc0-0.3-1-0.9-6.2-0.3S72.6,9.3,73,9.2z M71.6,6.7C71.8,6.8,75,5.4,77.3,5c2.3-0.3,1.9-0.5,1.9-0.6c0-0.1-1.1-0.2-2.7,0.2\tC74.8,5.1,71.4,6.6,71.6,6.7z M93.6,4.4c0.1,0.2,3.5,0.8,5.6,1.8c2.1,1,1.8,0.6,1.9,0.5c0.1-0.1-0.8-0.8-2.4-1.3\tC97.1,4.8,93.5,4.2,93.6,4.4z M65.4,11.1c-0.1,0.3,0.3,0.5,1.9-0.2s2.6-1.3,2.2-1.2s-0.9,0.4-2.5,0.8C65.3,10.9,65.5,10.8,65.4,11.1\tz M34.5,12.4c-0.2,0,2.1,0.8,3.3,0.9c1.2,0.1,2,0.1,2-0.2c0-0.3-0.1-0.5-1.6-0.4C36.6,12.8,34.7,12.4,34.5,12.4z M152.2,21.1\tc-0.1,0.1-2.4-0.3-7.5-0.3c-5,0-13.6-2.4-17.2-3.5c-3.6-1.1,10,3.9,16.5,4.1C150.5,21.6,152.3,21,152.2,21.1z\"\/>\n\t<path class=\"elementor-shape-fill\" d=\"M269.6,18c-0.1-0.1-4.6,0.3-7.2,0c-7.3-0.7-17-3.2-16.6-2.9c0.4,0.3,13.7,3.1,17,3.3\tC267.7,18.8,269.7,18,269.6,18z\"\/>\n\t<path class=\"elementor-shape-fill\" d=\"M227.4,9.8c-0.2-0.1-4.5-1-9.5-1.2c-5-0.2-12.7,0.6-12.3,0.5c0.3-0.1,5.9-1.8,13.3-1.2\tS227.6,9.9,227.4,9.8z\"\/>\n\t<path class=\"elementor-shape-fill\" d=\"M204.5,13.4c-0.1-0.1,2-1,3.2-1.1c1.2-0.1,2,0,2,0.3c0,0.3-0.1,0.5-1.6,0.4\tC206.4,12.9,204.6,13.5,204.5,13.4z\"\/>\n\t<path class=\"elementor-shape-fill\" d=\"M201,10.6c0-0.1-4.4,1.2-6.3,2.2c-1.9,0.9-6.2,3.1-6.1,3.1c0.1,0.1,4.2-1.6,6.3-2.6\tS201,10.7,201,10.6z\"\/>\n\t<path class=\"elementor-shape-fill\" d=\"M154.5,26.7c-0.1-0.1-4.6,0.3-7.2,0c-7.3-0.7-17-3.2-16.6-2.9c0.4,0.3,13.7,3.1,17,3.3\tC152.6,27.5,154.6,26.8,154.5,26.7z\"\/>\n\t<path class=\"elementor-shape-fill\" d=\"M41.9,19.3c0,0,1.2-0.3,2.9-0.1c1.7,0.2,5.8,0.9,8.2,0.7c4.2-0.4,7.4-2.7,7-2.6\tc-0.4,0-4.3,2.2-8.6,1.9c-1.8-0.1-5.1-0.5-6.7-0.4S41.9,19.3,41.9,19.3z\"\/>\n\t<path class=\"elementor-shape-fill\" d=\"M75.5,12.6c0.2,0.1,2-0.8,4.3-1.1c2.3-0.2,2.1-0.3,2.1-0.5c0-0.1-1.8-0.4-3.4,0\tC76.9,11.5,75.3,12.5,75.5,12.6z\"\/>\n\t<path class=\"elementor-shape-fill\" d=\"M15.6,13.2c0-0.1,4.3,0,6.7,0.5c2.4,0.5,5,1.9,5,2c0,0.1-2.7-0.8-5.1-1.4\tC19.9,13.7,15.7,13.3,15.6,13.2z\"\/>\n<\/svg>\t\t<\/div>\n\t\t\t\t<div class=\"elementor-element elementor-element-6e8dcc9 elementor-widget elementor-widget-heading\" data-id=\"6e8dcc9\" data-element_type=\"widget\" data-widget_type=\"heading.default\">\n\t\t\t\t<div class=\"elementor-widget-container\">\n\t\t\t\t\t<h1 class=\"elementor-heading-title elementor-size-default\">AV\u00cdS LEGAL<\/h1>\t\t\t\t<\/div>\n\t\t\t\t<\/div>\n\t\t\t\t<div class=\"elementor-element elementor-element-61cde28 elementor-widget-divider--view-line elementor-widget elementor-widget-divider\" data-id=\"61cde28\" data-element_type=\"widget\" data-widget_type=\"divider.default\">\n\t\t\t\t<div class=\"elementor-widget-container\">\n\t\t\t\t\t\t\t<div class=\"elementor-divider\">\n\t\t\t<span class=\"elementor-divider-separator\">\n\t\t\t\t\t\t<\/span>\n\t\t<\/div>\n\t\t\t\t\t\t<\/div>\n\t\t\t\t<\/div>\n\t\t\t\t<div class=\"elementor-element elementor-element-3bac326 elementor-widget__width-initial elementor-widget elementor-widget-heading\" data-id=\"3bac326\" data-element_type=\"widget\" data-widget_type=\"heading.default\">\n\t\t\t\t<div class=\"elementor-widget-container\">\n\t\t\t\t\t<h2 class=\"elementor-heading-title elementor-size-default\">Benvingut a l&#039;av\u00eds legal de PlayaViva. Aqu\u00ed trobareu tota la informaci\u00f3 legal i condicions d&#039;\u00fas del nostre lloc web.<\/h2>\t\t\t\t<\/div>\n\t\t\t\t<\/div>\n\t\t\t\t<div class=\"elementor-element elementor-element-12b0369 elementor-widget elementor-widget-heading\" data-id=\"12b0369\" data-element_type=\"widget\" data-widget_type=\"heading.default\">\n\t\t\t\t<div class=\"elementor-widget-container\">\n\t\t\t\t\t<h1 class=\"elementor-heading-title elementor-size-default\">AV\u00cdS LEGAL<\/h1>\t\t\t\t<\/div>\n\t\t\t\t<\/div>\n\t\t\t\t\t<\/div>\n\t\t\t\t<\/div>\n\t\t<div class=\"elementor-element elementor-element-2a5af6f e-flex e-con-boxed e-con e-parent\" data-id=\"2a5af6f\" data-element_type=\"container\">\n\t\t\t\t\t<div class=\"e-con-inner\">\n\t\t<div class=\"elementor-element elementor-element-72218d0 e-con-full e-flex e-con e-child\" data-id=\"72218d0\" data-element_type=\"container\">\n\t\t\t\t<div class=\"elementor-element elementor-element-9d009b8 elementor-widget elementor-widget-heading\" data-id=\"9d009b8\" data-element_type=\"widget\" data-widget_type=\"heading.default\">\n\t\t\t\t<div class=\"elementor-widget-container\">\n\t\t\t\t\t<h2 class=\"elementor-heading-title elementor-size-default\">AV\u00cdS LEGAL I CONDICIONS GENERALS D&#039;\u00daS<\/h2>\t\t\t\t<\/div>\n\t\t\t\t<\/div>\n\t\t\t\t<div class=\"elementor-element elementor-element-df50666 elementor-widget elementor-widget-text-editor\" data-id=\"df50666\" data-element_type=\"widget\" data-widget_type=\"text-editor.default\">\n\t\t\t\t<div class=\"elementor-widget-container\">\n\t\t\t\t\t\t\t\t\t<h3>I. INFORMACI\u00d3 GENERAL<\/h3>\n<p>En compliment amb la Llei 34\/2002 de Serveis de la Societat de la Informaci\u00f3 i el Comer\u00e7 Electr\u00f2nic (LSSI-CE) d&#039;11 de juliol, aqu\u00ed es faciliten les dades seg\u00fcents del lloc web:<\/p>\n<p>Aquest lloc web, propietat de Playa Viva Neotaberna, es troba a:<\/p><ul>\n<li><strong>Email de contacte<\/strong>: <a rel=\"noreferrer\">info@playaviva.com<\/a><\/li>\n<\/ul>\n<h3>II. TERMES I CONDICIONS GENERALS D&#039;\u00daS<\/h3>\n<p>L&#039;objectiu d&#039;aquest lloc web \u00e9s regular-ne l&#039;acc\u00e9s i la utilitzaci\u00f3. Platja Viva Neotaberna es reserva el dret de modificar, sense av\u00eds previ, la presentaci\u00f3 i configuraci\u00f3 del lloc i els serveis que es puguin oferir. L&#039;acc\u00e9s al lloc web \u00e9s lliure i generalment gratu\u00eft, tret del cost de connexi\u00f3 a trav\u00e9s de la xarxa de telecomunicacions prove\u00efda pel prove\u00efdor d&#039;acc\u00e9s de l&#039;usuari.<\/p>\n<p>Alguns serveis o continguts podrien estar subjectes a contractaci\u00f3 pr\u00e8via. L&#039;\u00fas dels continguts del lloc web no requereix subscripci\u00f3 pr\u00e8via. En accedir, navegar o utilitzar el lloc web, vost\u00e8 accepta aquestes condicions.<\/p>\n<h3>III. ACC\u00c9S I NAVEGACI\u00d3 AL LLOC WEB: EXCLUSI\u00d3 DE GARANTIES I RESPONSABILITAT<\/h3>\n<p>Platja Viva Neotaberna no garanteix la continu\u00eftat, disponibilitat i utilitat del lloc web, ni dels continguts o serveis i no es responsabilitza del correcte funcionament dels enlla\u00e7os a altres llocs web que s&#039;hi puguin incloure.<\/p>\n<h3>IV. POL\u00cdTICA D&#039;ENLLA\u00c7OS<\/h3>\n<p>El lloc web pot contenir enlla\u00e7os a altres llocs web amb pol\u00edtiques de privadesa diferents a aquesta, i encara que se seleccionen acuradament, no s&#039;assumeix responsabilitat pels continguts o pr\u00e0ctiques d&#039;enlla\u00e7os externs.<\/p>\n<h3>V. PROPIETAT INTEL\u00b7LECTUAL I INDUSTRIAL<\/h3>\n<p>Platja Viva Neotaberna posseeix tots els drets de propietat intel\u00b7lectual i industrial del lloc web, els quals estan protegits per les lleis espanyoles i internacionals.<\/p>\n<h3>VI. ACCIONS LEGALS, LEGISLACI\u00d3 APLICABLE I JURISDICCI\u00d3<\/h3>\n<p>Qualsevol controv\u00e8rsia ser\u00e0 sotmesa als tribunals del pa\u00eds dorigen del lloc web, conforme a les lleis aplicables.<\/p>\t\t\t\t\t\t\t\t<\/div>\n\t\t\t\t<\/div>\n\t\t\t\t<\/div>\n\t\t\t\t\t<\/div>\n\t\t\t\t<\/div>\n\t\t\t\t<\/div>","protected":false},"excerpt":{"rendered":"<p>AVISO LEGAL Bienvenido al aviso legal de PlayaViva. Aqu\u00ed encontrar\u00e1 toda la informaci\u00f3n legal y condiciones de uso de nuestro sitio web. AVISO LEGAL AVISO LEGAL Y CONDICIONES GENERALES DE USO I. INFORMACI\u00d3N GENERAL En cumplimiento con la Ley 34\/2002 de Servicios de la Sociedad de la Informaci\u00f3n y el Comercio Electr\u00f3nico (LSSI-CE) de 11 [&hellip;]<\/p>\n","protected":false},"author":1,"featured_media":0,"parent":0,"menu_order":0,"comment_status":"closed","ping_status":"closed","template":"","meta":{"footnotes":""},"class_list":["post-32","page","type-page","status-publish","hentry"],"yoast_head":"<!-- This site is optimized with the Yoast SEO plugin v27.2 - https:\/\/yoast.com\/product\/yoast-seo-wordpress\/ -->\n<title>Aviso legal - Playa Viva NeoTaberna<\/title>\n<meta name=\"description\" content=\"Consulta el aviso legal de Playa Viva Neotaberna para entender tus derechos y responsabilidades al usar nuestro sitio web.\" \/>\n<meta name=\"robots\" content=\"index, follow, max-snippet:-1, max-image-preview:large, max-video-preview:-1\" \/>\n<link rel=\"canonical\" href=\"https:\/\/playavivataberna.com\/ca\/aviso-legal\/\" \/>\n<meta property=\"og:locale\" content=\"ca_ES\" \/>\n<meta property=\"og:type\" content=\"article\" \/>\n<meta property=\"og:title\" content=\"Aviso legal - Playa Viva NeoTaberna\" \/>\n<meta property=\"og:description\" content=\"Consulta el aviso legal de Playa Viva Neotaberna para entender tus derechos y responsabilidades al usar nuestro sitio web.\" \/>\n<meta property=\"og:url\" content=\"https:\/\/playavivataberna.com\/ca\/aviso-legal\/\" \/>\n<meta property=\"og:site_name\" content=\"Playa Viva NeoTaberna\" \/>\n<meta property=\"article:publisher\" content=\"https:\/\/web.facebook.com\/profile.php?id=61562586563241&amp;_rdc=1&amp;_rdr\" \/>\n<meta property=\"article:modified_time\" content=\"2024-07-26T16:50:16+00:00\" \/>\n<meta name=\"twitter:card\" content=\"summary_large_image\" \/>\n<meta name=\"twitter:label1\" content=\"Temps estimat de lectura\" \/>\n\t<meta name=\"twitter:data1\" content=\"2 minuts\" \/>\n<script type=\"application\/ld+json\" class=\"yoast-schema-graph\">{\"@context\":\"https:\/\/schema.org\",\"@graph\":[{\"@type\":\"WebPage\",\"@id\":\"https:\/\/playavivataberna.com\/aviso-legal\/\",\"url\":\"https:\/\/playavivataberna.com\/aviso-legal\/\",\"name\":\"Aviso legal - Playa Viva NeoTaberna\",\"isPartOf\":{\"@id\":\"https:\/\/playavivataberna.com\/#website\"},\"datePublished\":\"2024-07-25T02:42:34+00:00\",\"dateModified\":\"2024-07-26T16:50:16+00:00\",\"description\":\"Consulta el aviso legal de Playa Viva Neotaberna para entender tus derechos y responsabilidades al usar nuestro sitio web.\",\"breadcrumb\":{\"@id\":\"https:\/\/playavivataberna.com\/aviso-legal\/#breadcrumb\"},\"inLanguage\":\"ca\",\"potentialAction\":[{\"@type\":\"ReadAction\",\"target\":[\"https:\/\/playavivataberna.com\/aviso-legal\/\"]}]},{\"@type\":\"BreadcrumbList\",\"@id\":\"https:\/\/playavivataberna.com\/aviso-legal\/#breadcrumb\",\"itemListElement\":[{\"@type\":\"ListItem\",\"position\":1,\"name\":\"Portada\",\"item\":\"https:\/\/playavivataberna.com\/\"},{\"@type\":\"ListItem\",\"position\":2,\"name\":\"Aviso legal\"}]},{\"@type\":\"WebSite\",\"@id\":\"https:\/\/playavivataberna.com\/#website\",\"url\":\"https:\/\/playavivataberna.com\/\",\"name\":\"Playa Viva NeoTaberna\",\"description\":\"Saborea tapas \u00fanicas frente al mar en Tarragona. Reserva ya en Playa Viva.\",\"publisher\":{\"@id\":\"https:\/\/playavivataberna.com\/#organization\"},\"potentialAction\":[{\"@type\":\"SearchAction\",\"target\":{\"@type\":\"EntryPoint\",\"urlTemplate\":\"https:\/\/playavivataberna.com\/?s={search_term_string}\"},\"query-input\":{\"@type\":\"PropertyValueSpecification\",\"valueRequired\":true,\"valueName\":\"search_term_string\"}}],\"inLanguage\":\"ca\"},{\"@type\":\"Organization\",\"@id\":\"https:\/\/playavivataberna.com\/#organization\",\"name\":\"Playa Viva NeoTaberna\",\"url\":\"https:\/\/playavivataberna.com\/\",\"logo\":{\"@type\":\"ImageObject\",\"inLanguage\":\"ca\",\"@id\":\"https:\/\/playavivataberna.com\/#\/schema\/logo\/image\/\",\"url\":\"https:\/\/playavivataberna.com\/wp-content\/uploads\/2024\/07\/logo-playaviva-neotaberna.png\",\"contentUrl\":\"https:\/\/playavivataberna.com\/wp-content\/uploads\/2024\/07\/logo-playaviva-neotaberna.png\",\"width\":500,\"height\":500,\"caption\":\"Playa Viva NeoTaberna\"},\"image\":{\"@id\":\"https:\/\/playavivataberna.com\/#\/schema\/logo\/image\/\"},\"sameAs\":[\"https:\/\/web.facebook.com\/profile.php?id=61562586563241&_rdc=1&_rdr\",\"https:\/\/www.instagram.com\/playavivaneotaberna\/\"]}]}<\/script>\n<!-- \/ Yoast SEO plugin. -->","yoast_head_json":{"title":"Aviso legal - Playa Viva NeoTaberna","description":"Consulta el aviso legal de Playa Viva Neotaberna para entender tus derechos y responsabilidades al usar nuestro sitio web.","robots":{"index":"index","follow":"follow","max-snippet":"max-snippet:-1","max-image-preview":"max-image-preview:large","max-video-preview":"max-video-preview:-1"},"canonical":"https:\/\/playavivataberna.com\/ca\/aviso-legal\/","og_locale":"ca_ES","og_type":"article","og_title":"Aviso legal - Playa Viva NeoTaberna","og_description":"Consulta el aviso legal de Playa Viva Neotaberna para entender tus derechos y responsabilidades al usar nuestro sitio web.","og_url":"https:\/\/playavivataberna.com\/ca\/aviso-legal\/","og_site_name":"Playa Viva NeoTaberna","article_publisher":"https:\/\/web.facebook.com\/profile.php?id=61562586563241&_rdc=1&_rdr","article_modified_time":"2024-07-26T16:50:16+00:00","twitter_card":"summary_large_image","twitter_misc":{"Temps estimat de lectura":"2 minuts"},"schema":{"@context":"https:\/\/schema.org","@graph":[{"@type":"WebPage","@id":"https:\/\/playavivataberna.com\/aviso-legal\/","url":"https:\/\/playavivataberna.com\/aviso-legal\/","name":"Aviso legal - Playa Viva NeoTaberna","isPartOf":{"@id":"https:\/\/playavivataberna.com\/#website"},"datePublished":"2024-07-25T02:42:34+00:00","dateModified":"2024-07-26T16:50:16+00:00","description":"Consulta el aviso legal de Playa Viva Neotaberna para entender tus derechos y responsabilidades al usar nuestro sitio web.","breadcrumb":{"@id":"https:\/\/playavivataberna.com\/aviso-legal\/#breadcrumb"},"inLanguage":"ca","potentialAction":[{"@type":"ReadAction","target":["https:\/\/playavivataberna.com\/aviso-legal\/"]}]},{"@type":"BreadcrumbList","@id":"https:\/\/playavivataberna.com\/aviso-legal\/#breadcrumb","itemListElement":[{"@type":"ListItem","position":1,"name":"Portada","item":"https:\/\/playavivataberna.com\/"},{"@type":"ListItem","position":2,"name":"Aviso legal"}]},{"@type":"WebSite","@id":"https:\/\/playavivataberna.com\/#website","url":"https:\/\/playavivataberna.com\/","name":"Platja Viva NeoTaberna","description":"Assaboreix tapes \u00faniques davant del mar a Tarragona. Reserva ja a Platja Viva.","publisher":{"@id":"https:\/\/playavivataberna.com\/#organization"},"potentialAction":[{"@type":"SearchAction","target":{"@type":"EntryPoint","urlTemplate":"https:\/\/playavivataberna.com\/?s={search_term_string}"},"query-input":{"@type":"PropertyValueSpecification","valueRequired":true,"valueName":"search_term_string"}}],"inLanguage":"ca"},{"@type":"Organization","@id":"https:\/\/playavivataberna.com\/#organization","name":"Platja Viva NeoTaberna","url":"https:\/\/playavivataberna.com\/","logo":{"@type":"ImageObject","inLanguage":"ca","@id":"https:\/\/playavivataberna.com\/#\/schema\/logo\/image\/","url":"https:\/\/playavivataberna.com\/wp-content\/uploads\/2024\/07\/logo-playaviva-neotaberna.png","contentUrl":"https:\/\/playavivataberna.com\/wp-content\/uploads\/2024\/07\/logo-playaviva-neotaberna.png","width":500,"height":500,"caption":"Playa Viva NeoTaberna"},"image":{"@id":"https:\/\/playavivataberna.com\/#\/schema\/logo\/image\/"},"sameAs":["https:\/\/web.facebook.com\/profile.php?id=61562586563241&_rdc=1&_rdr","https:\/\/www.instagram.com\/playavivaneotaberna\/"]}]}},"_links":{"self":[{"href":"https:\/\/playavivataberna.com\/ca\/wp-json\/wp\/v2\/pages\/32","targetHints":{"allow":["GET"]}}],"collection":[{"href":"https:\/\/playavivataberna.com\/ca\/wp-json\/wp\/v2\/pages"}],"about":[{"href":"https:\/\/playavivataberna.com\/ca\/wp-json\/wp\/v2\/types\/page"}],"author":[{"embeddable":true,"href":"https:\/\/playavivataberna.com\/ca\/wp-json\/wp\/v2\/users\/1"}],"replies":[{"embeddable":true,"href":"https:\/\/playavivataberna.com\/ca\/wp-json\/wp\/v2\/comments?post=32"}],"version-history":[{"count":8,"href":"https:\/\/playavivataberna.com\/ca\/wp-json\/wp\/v2\/pages\/32\/revisions"}],"predecessor-version":[{"id":375,"href":"https:\/\/playavivataberna.com\/ca\/wp-json\/wp\/v2\/pages\/32\/revisions\/375"}],"wp:attachment":[{"href":"https:\/\/playavivataberna.com\/ca\/wp-json\/wp\/v2\/media?parent=32"}],"curies":[{"name":"wp","href":"https:\/\/api.w.org\/{rel}","templated":true}]}}